{"id":423,"date":"2024-04-04T18:47:27","date_gmt":"2024-04-04T18:47:27","guid":{"rendered":"https:\/\/cetrat.saludtlax.gob.mx\/?page_id=423"},"modified":"2024-04-04T18:53:51","modified_gmt":"2024-04-04T18:53:51","slug":"normativas","status":"publish","type":"page","link":"https:\/\/cetrat.saludtlax.gob.mx\/index.php\/normativas\/","title":{"rendered":"Normativas"},"content":{"rendered":"\t\t<div data-elementor-type=\"wp-page\" data-elementor-id=\"423\" class=\"elementor elementor-423\" data-elementor-post-type=\"page\">\n\t\t\t\t\t\t\t<div class=\"elementor-element elementor-element-9373c20 e-flex e-con-boxed e-con\" data-id=\"9373c20\" data-element_type=\"container\" data-settings=\"{&quot;content_width&quot;:&quot;boxed&quot;}\">\n\t\t\t\t\t<div class=\"e-con-inner\">\n\t\t\t\t<div class=\"elementor-element elementor-element-eda8e31 elementor-widget elementor-widget-text-editor\" data-id=\"eda8e31\" data-element_type=\"widget\" data-widget_type=\"text-editor.default\">\n\t\t\t\t<div class=\"elementor-widget-container\">\n\t\t\t<style>\/*! elementor - v3.15.0 - 20-08-2023 *\/\n.elementor-widget-text-editor.elementor-drop-cap-view-stacked .elementor-drop-cap{background-color:#69727d;color:#fff}.elementor-widget-text-editor.elementor-drop-cap-view-framed .elementor-drop-cap{color:#69727d;border:3px solid;background-color:transparent}.elementor-widget-text-editor:not(.elementor-drop-cap-view-default) .elementor-drop-cap{margin-top:8px}.elementor-widget-text-editor:not(.elementor-drop-cap-view-default) .elementor-drop-cap-letter{width:1em;height:1em}.elementor-widget-text-editor .elementor-drop-cap{float:left;text-align:center;line-height:1;font-size:50px}.elementor-widget-text-editor .elementor-drop-cap-letter{display:inline-block}<\/style>\t\t\t\t<ul>\n \t<li><strong>Ley General de Salud. T\u00edtulo D\u00e9cimo Cuarto.\n<\/strong>\u201cDonaci\u00f3n, Trasplantes y P\u00e9rdida de la Vida\u201d<\/li>\n \t<li style=\"list-style-type: none;\">\n<ul>\n \t<li><em>Ley general de salud. (s.\u00a0f.). C\u00e1mara de Diputados.\n<a href=\"https:\/\/www.diputados.gob.mx\/LeyesBiblio\/ref\/lgs.htm\">https:\/\/www.diputados.gob.mx\/LeyesBiblio\/ref\/lgs.htm<\/a> <\/em><\/li>\n<\/ul>\n<\/li>\n<\/ul>\n<ul>\n \t<li><strong>Reglamento de LGS en Materia de Donaci\u00f3n y Trasplante.<\/strong>\n<ul>\n \t<li>Reglamento de la ley general de salud en materia de trasplantes. (s. f.). Diario Oficial de la Federaci\u00f3n. Recuperado de <a href=\"https:\/\/dof.gob.mx\/nota_detalle.php?codigo=5338349&amp;fecha=26\/03\/2014#gsc.tab=0\">https:\/\/dof.gob.mx\/nota_detalle.php?codigo=5338349&amp;fecha=26\/03\/2014#gsc.tab=0<\/a><\/li>\n<\/ul>\n<\/li>\n<\/ul>\n<ul>\n \t<li><strong>Lineamientos para la asignaci\u00f3n y distribuci\u00f3n de \u00f3rganos y tejidos<\/strong><ul>\n\n <li><em>Lineamientos para la asignaci\u00f3n y distribuci\u00f3n de \u00f3rganos y tejidos de cad\u00e1veres de seres humanos para trasplante. (2009, 23 abril). Diario Oficial de la Federaci\u00f3n. Recuperado de <a href=\"https:\/\/dof.gob.mx\/nota_detalle.php?codigo=5088065&amp;fecha=23\/04\/2009#gsc.tab=0\">https:\/\/dof.gob.mx\/nota_detalle.php?codigo=5088065&amp;fecha=23\/04\/2009#gsc.tab=0<\/a><\/em><\/li>\n<\/ul>\n<p>\n \t<li><em><strong>CENATRA<\/strong> bolet\u00edn estad\u00edstico informativo<\/em>\n<ul>\n \t<li><em><a href=\"https:\/\/www.gob.mx\/cenatra\/documentos\/boletin-estadistico-informativo?idiom=es\">https:\/\/www.gob.mx\/cenatra\/documentos\/boletin-estadistico-informativo?idiom=es<\/a>\n\n<\/em><\/li>\n<\/ul><p>\n<\/li>\n \t<li><strong><em>Ley de donaci\u00f3n de \u00d3rganos, Tejidos y C\u00e9lulas en el Estado de Tlaxcala <\/em><\/strong>\n<ul>\n \t<li><em><a href=\"http:\/\/sfp.tlaxcala.gob.mx\/pdf\/normateca\/ley%20de%20donacion%20y%20transplantes%20de%20organos,%20tejidos%20y%20celulas%20para%20el%20estado%20de%20tlaxcala.pdf\">Ir al PDF<\/a>\n\n<\/em><\/li>\n<\/ul><p>\n<\/li>\n \t<li><strong><em>Acuerdo de Creaci\u00f3n del Centro de Trasplantes de Tlaxcala<\/em><\/strong>\n<ul>\n \t<li><em>Peri\u00f3dico Oficial No. Extraordinario, Agosto 9 del 2022 <a href=\"https:\/\/periodico.tlaxcala.gob.mx\/indices\/Ex09082022.pdf\">Ir al PDF<\/a> <\/em><\/li>\n<\/ul>\n<\/li>\n<\/ul>\t\t\t\t\t\t<\/div>\n\t\t\t\t<\/div>\n\t\t\t\t\t<\/div>\n\t\t\t\t<\/div>\n\t\t\t\t\t\t\t<\/div>\n\t\t","protected":false},"excerpt":{"rendered":"<p>Ley General de Salud. T\u00edtulo D\u00e9cimo Cuarto. \u201cDonaci\u00f3n, Trasplantes y P\u00e9rdida de la Vida\u201d Ley general de salud. (s.\u00a0f.). C\u00e1mara de Diputados. https:\/\/www.diputados.gob.mx\/LeyesBiblio\/ref\/lgs.htm Reglamento de LGS en Materia de Donaci\u00f3n y Trasplante. Reglamento de la ley general de salud en materia de trasplantes. (s. f.). Diario Oficial de la Federaci\u00f3n. Recuperado de https:\/\/dof.gob.mx\/nota_detalle.php?codigo=5338349&amp;fecha=26\/03\/2014#gsc.tab=0 Lineamientos para [&hellip;]<\/p>\n","protected":false},"author":1,"featured_media":0,"parent":0,"menu_order":0,"comment_status":"closed","ping_status":"closed","template":"","meta":{"footnotes":""},"class_list":["post-423","page","type-page","status-publish","hentry"],"_links":{"self":[{"href":"https:\/\/cetrat.saludtlax.gob.mx\/index.php\/wp-json\/wp\/v2\/pages\/423","targetHints":{"allow":["GET"]}}],"collection":[{"href":"https:\/\/cetrat.saludtlax.gob.mx\/index.php\/wp-json\/wp\/v2\/pages"}],"about":[{"href":"https:\/\/cetrat.saludtlax.gob.mx\/index.php\/wp-json\/wp\/v2\/types\/page"}],"author":[{"embeddable":true,"href":"https:\/\/cetrat.saludtlax.gob.mx\/index.php\/wp-json\/wp\/v2\/users\/1"}],"replies":[{"embeddable":true,"href":"https:\/\/cetrat.saludtlax.gob.mx\/index.php\/wp-json\/wp\/v2\/comments?post=423"}],"version-history":[{"count":7,"href":"https:\/\/cetrat.saludtlax.gob.mx\/index.php\/wp-json\/wp\/v2\/pages\/423\/revisions"}],"predecessor-version":[{"id":430,"href":"https:\/\/cetrat.saludtlax.gob.mx\/index.php\/wp-json\/wp\/v2\/pages\/423\/revisions\/430"}],"wp:attachment":[{"href":"https:\/\/cetrat.saludtlax.gob.mx\/index.php\/wp-json\/wp\/v2\/media?parent=423"}],"curies":[{"name":"wp","href":"https:\/\/api.w.org\/{rel}","templated":true}]}}