{"id":439,"date":"2024-04-04T18:58:37","date_gmt":"2024-04-04T18:58:37","guid":{"rendered":"https:\/\/cetrat.saludtlax.gob.mx\/?page_id=439"},"modified":"2024-04-04T18:58:37","modified_gmt":"2024-04-04T18:58:37","slug":"aviso-de-privacidad","status":"publish","type":"page","link":"https:\/\/cetrat.saludtlax.gob.mx\/index.php\/aviso-de-privacidad\/","title":{"rendered":"Aviso de Privacidad"},"content":{"rendered":"\n<p>Aviso de privacidad simplificado<\/p>\n\n\n\n<p>La Secretar\u00eda de Salud y Organismo P\u00fablico Descentralizado Salud de Tlaxcala del Gobierno del Estado de Tlaxcala, es la responsable del tratamiento de los datos personales que nos proporcione, los cuales ser\u00e1n protegidos conforme a lo dispuesto por la Ley General de Protecci\u00f3n de Datos Personales en Posesi\u00f3n de Sujetos Obligados (LGPDPPSO) y la Ley de Protecci\u00f3n de Datos Personales en Posesi\u00f3n de Sujetos Obligados del Estado de Tlaxcala (LPDPPSOET).<\/p>\n\n\n\n<p>Sus datos personales sensibles, cuando as\u00ed corresponda o sea necesario, ser\u00e1n recabados y ser\u00e1n utilizados para las siguientes finalidades: Registrar y dar seguimiento a su solicitud de acceso a la informaci\u00f3n, o ejercicio de derecho ARCO. Registrar su solicitud y dar seguimiento puntual, en caso de presentarse f\u00edsicamente en la Unidad de Transparencia. Recibir y dar tr\u00e1mite a la acreditaci\u00f3n de su personalidad jur\u00eddica cuando corresponda. Facilitar el seguimiento a los recursos de revisi\u00f3n. Elaborar informes estad\u00edsticos sobre el cumplimiento en materia de acceso a la informaci\u00f3n y protecci\u00f3n de datos personales, y en su caso, presentarlo ante el Comit\u00e9 de Transparencia o el \u00d3rgano Garante seg\u00fan corresponda.<\/p>\n\n\n\n<p>La Unidad de Transparencia del O.P.D Salud de Tlaxcala, podr\u00e1 realizar transferencias sin requerir su consentimiento cuando se actualice alguno de los supuestos se\u00f1alados en los art\u00edculos 22, 66 y 70 de la LGPDPPSO, as\u00ed como los art\u00edculos 13, 36 y 39 de la LPDPPSOET. Dichas transferencias podr\u00edan ser para el \u00f3rgano garante local (IAIP) y el nacional (INAI), seg\u00fan sea el caso, o bien sea legalmente exigida por alguna autoridad ministerial o por resoluci\u00f3n jurisdiccional fundada y motivada por autoridad competente.<\/p>\n\n\n\n<p>Usted podr\u00e1 ejercer sus derechos de Acceso, Rectificaci\u00f3n, Cancelaci\u00f3n y Oposici\u00f3n de sus datos personales (derechos ARCO) directamente ante la Unidad de Transparencia de este O.P.D. Salud de Tlaxcala: Calle La Ci\u00e9nega del Molinito de Moya No. 1, San Esteban Tizatl\u00e1n, Tlaxcala, C.P. 90100, en un horario de 8:00 a 14:30 horas de lunes a viernes.<\/p>\n","protected":false},"excerpt":{"rendered":"<p>Aviso de privacidad simplificado La Secretar\u00eda de Salud y Organismo P\u00fablico Descentralizado Salud de Tlaxcala del Gobierno del Estado de Tlaxcala, es la responsable del tratamiento de los datos personales que nos proporcione, los cuales ser\u00e1n protegidos conforme a lo dispuesto por la Ley General de Protecci\u00f3n de Datos Personales en Posesi\u00f3n de Sujetos Obligados [&hellip;]<\/p>\n","protected":false},"author":1,"featured_media":0,"parent":0,"menu_order":0,"comment_status":"closed","ping_status":"closed","template":"","meta":{"footnotes":""},"class_list":["post-439","page","type-page","status-publish","hentry"],"_links":{"self":[{"href":"https:\/\/cetrat.saludtlax.gob.mx\/index.php\/wp-json\/wp\/v2\/pages\/439","targetHints":{"allow":["GET"]}}],"collection":[{"href":"https:\/\/cetrat.saludtlax.gob.mx\/index.php\/wp-json\/wp\/v2\/pages"}],"about":[{"href":"https:\/\/cetrat.saludtlax.gob.mx\/index.php\/wp-json\/wp\/v2\/types\/page"}],"author":[{"embeddable":true,"href":"https:\/\/cetrat.saludtlax.gob.mx\/index.php\/wp-json\/wp\/v2\/users\/1"}],"replies":[{"embeddable":true,"href":"https:\/\/cetrat.saludtlax.gob.mx\/index.php\/wp-json\/wp\/v2\/comments?post=439"}],"version-history":[{"count":1,"href":"https:\/\/cetrat.saludtlax.gob.mx\/index.php\/wp-json\/wp\/v2\/pages\/439\/revisions"}],"predecessor-version":[{"id":440,"href":"https:\/\/cetrat.saludtlax.gob.mx\/index.php\/wp-json\/wp\/v2\/pages\/439\/revisions\/440"}],"wp:attachment":[{"href":"https:\/\/cetrat.saludtlax.gob.mx\/index.php\/wp-json\/wp\/v2\/media?parent=439"}],"curies":[{"name":"wp","href":"https:\/\/api.w.org\/{rel}","templated":true}]}}