{"id":458,"date":"2024-04-04T19:22:17","date_gmt":"2024-04-04T19:22:17","guid":{"rendered":"https:\/\/cetrat.saludtlax.gob.mx\/?page_id=458"},"modified":"2024-04-04T19:22:17","modified_gmt":"2024-04-04T19:22:17","slug":"licencia-de-conducir","status":"publish","type":"page","link":"https:\/\/cetrat.saludtlax.gob.mx\/index.php\/licencia-de-conducir\/","title":{"rendered":"LICENCIA DE CONDUCIR"},"content":{"rendered":"\n<p>La Secretaria de Salud a trav\u00e9s del centro de trasplantes de Tlaxcala, actualmente tiene la atribuci\u00f3n de colaborar con instituciones p\u00fablicas y el Gobierno del Estado espec\u00edficamente para organizaci\u00f3n y difusi\u00f3n de campa\u00f1as permanentes para la concientizaci\u00f3n sobre la importancia sobre la Donaci\u00f3n de \u00d3rganos, Tejidos y C\u00e9lulas con fines de trasplante.<\/p>\n\n\n\n<p>El Centro de Trasplantes de Tlaxcala en su car\u00e1cter de organismo desconcentrado y hom\u00f3logo del Centro Nacional de Trasplantes propone la siguiente estrategia para fomentar la cultura de donaci\u00f3n y la creaci\u00f3n de registro de donadores voluntarios. Se propone crear el convenio de colaboraci\u00f3n con la Secretaria de Movilidad y Transportes a efecto que durante la expedici\u00f3n de licencias de conducir a los contribuyentes si as\u00ed lo desea su consentimiento de donaci\u00f3n de \u00f3rganos, tejidos y c\u00e9lulas despu\u00e9s de su muerte. La base de datos de los contribuyentes que otorguen su consentimiento ser\u00e1 trasladada al registro estatal de donadores voluntarios. Finalmente es importante mencionar que la manifestaci\u00f3n expresa de \u00f3rganos de acuerdo al Art\u00edculo 322 de la Ley General de Salud requiere el consentimiento al momento de fallecer de un disponente secundario por lo que es importante dar a conocer la voluntad expresa en el documento.<\/p>\n\n\n\n<figure class=\"wp-block-image size-large is-resized\"><img loading=\"lazy\" decoding=\"async\" width=\"1024\" height=\"663\" src=\"https:\/\/cetrat.saludtlax.gob.mx\/wp-content\/uploads\/2024\/04\/lice_cond1-1024x663.jpg\" alt=\"\" class=\"wp-image-459\" style=\"width:313px;height:auto\" srcset=\"https:\/\/cetrat.saludtlax.gob.mx\/wp-content\/uploads\/2024\/04\/lice_cond1-1024x663.jpg 1024w, https:\/\/cetrat.saludtlax.gob.mx\/wp-content\/uploads\/2024\/04\/lice_cond1-300x194.jpg 300w, https:\/\/cetrat.saludtlax.gob.mx\/wp-content\/uploads\/2024\/04\/lice_cond1-768x497.jpg 768w, https:\/\/cetrat.saludtlax.gob.mx\/wp-content\/uploads\/2024\/04\/lice_cond1.jpg 1280w\" sizes=\"auto, (max-width: 1024px) 100vw, 1024px\" \/><\/figure>\n\n\n\n<figure class=\"wp-block-image size-large is-resized\"><img loading=\"lazy\" decoding=\"async\" width=\"1024\" height=\"657\" src=\"https:\/\/cetrat.saludtlax.gob.mx\/wp-content\/uploads\/2024\/04\/lice_cond2-1024x657.jpg\" alt=\"\" class=\"wp-image-460\" style=\"width:312px;height:auto\" srcset=\"https:\/\/cetrat.saludtlax.gob.mx\/wp-content\/uploads\/2024\/04\/lice_cond2-1024x657.jpg 1024w, https:\/\/cetrat.saludtlax.gob.mx\/wp-content\/uploads\/2024\/04\/lice_cond2-300x192.jpg 300w, https:\/\/cetrat.saludtlax.gob.mx\/wp-content\/uploads\/2024\/04\/lice_cond2-768x493.jpg 768w, https:\/\/cetrat.saludtlax.gob.mx\/wp-content\/uploads\/2024\/04\/lice_cond2.jpg 1280w\" sizes=\"auto, (max-width: 1024px) 100vw, 1024px\" \/><\/figure>\n","protected":false},"excerpt":{"rendered":"<p>La Secretaria de Salud a trav\u00e9s del centro de trasplantes de Tlaxcala, actualmente tiene la atribuci\u00f3n de colaborar con instituciones p\u00fablicas y el Gobierno del Estado espec\u00edficamente para organizaci\u00f3n y difusi\u00f3n de campa\u00f1as permanentes para la concientizaci\u00f3n sobre la importancia sobre la Donaci\u00f3n de \u00d3rganos, Tejidos y C\u00e9lulas con fines de trasplante. El Centro de [&hellip;]<\/p>\n","protected":false},"author":1,"featured_media":0,"parent":0,"menu_order":0,"comment_status":"closed","ping_status":"closed","template":"","meta":{"footnotes":""},"class_list":["post-458","page","type-page","status-publish","hentry"],"_links":{"self":[{"href":"https:\/\/cetrat.saludtlax.gob.mx\/index.php\/wp-json\/wp\/v2\/pages\/458","targetHints":{"allow":["GET"]}}],"collection":[{"href":"https:\/\/cetrat.saludtlax.gob.mx\/index.php\/wp-json\/wp\/v2\/pages"}],"about":[{"href":"https:\/\/cetrat.saludtlax.gob.mx\/index.php\/wp-json\/wp\/v2\/types\/page"}],"author":[{"embeddable":true,"href":"https:\/\/cetrat.saludtlax.gob.mx\/index.php\/wp-json\/wp\/v2\/users\/1"}],"replies":[{"embeddable":true,"href":"https:\/\/cetrat.saludtlax.gob.mx\/index.php\/wp-json\/wp\/v2\/comments?post=458"}],"version-history":[{"count":1,"href":"https:\/\/cetrat.saludtlax.gob.mx\/index.php\/wp-json\/wp\/v2\/pages\/458\/revisions"}],"predecessor-version":[{"id":461,"href":"https:\/\/cetrat.saludtlax.gob.mx\/index.php\/wp-json\/wp\/v2\/pages\/458\/revisions\/461"}],"wp:attachment":[{"href":"https:\/\/cetrat.saludtlax.gob.mx\/index.php\/wp-json\/wp\/v2\/media?parent=458"}],"curies":[{"name":"wp","href":"https:\/\/api.w.org\/{rel}","templated":true}]}}