{"id":513,"date":"2026-01-13T20:08:47","date_gmt":"2026-01-13T20:08:47","guid":{"rendered":"https:\/\/cetrat.saludtlax.gob.mx\/?page_id=513"},"modified":"2026-01-13T20:15:47","modified_gmt":"2026-01-13T20:15:47","slug":"cetrat","status":"publish","type":"page","link":"https:\/\/cetrat.saludtlax.gob.mx\/index.php\/cetrat\/","title":{"rendered":"CETRAT"},"content":{"rendered":"\t\t<div data-elementor-type=\"wp-page\" data-elementor-id=\"513\" class=\"elementor elementor-513\" data-elementor-post-type=\"page\">\n\t\t\t\t\t\t\t<div class=\"elementor-element elementor-element-245e99e e-flex e-con-boxed e-con\" data-id=\"245e99e\" data-element_type=\"container\" data-settings=\"{&quot;content_width&quot;:&quot;boxed&quot;}\">\n\t\t\t\t\t<div class=\"e-con-inner\">\n\t\t\t\t<div class=\"elementor-element elementor-element-df6165c elementor-widget elementor-widget-text-editor\" data-id=\"df6165c\" data-element_type=\"widget\" data-widget_type=\"text-editor.default\">\n\t\t\t\t<div class=\"elementor-widget-container\">\n\t\t\t<style>\/*! elementor - v3.15.0 - 20-08-2023 *\/\n.elementor-widget-text-editor.elementor-drop-cap-view-stacked .elementor-drop-cap{background-color:#69727d;color:#fff}.elementor-widget-text-editor.elementor-drop-cap-view-framed .elementor-drop-cap{color:#69727d;border:3px solid;background-color:transparent}.elementor-widget-text-editor:not(.elementor-drop-cap-view-default) .elementor-drop-cap{margin-top:8px}.elementor-widget-text-editor:not(.elementor-drop-cap-view-default) .elementor-drop-cap-letter{width:1em;height:1em}.elementor-widget-text-editor .elementor-drop-cap{float:left;text-align:center;line-height:1;font-size:50px}.elementor-widget-text-editor .elementor-drop-cap-letter{display:inline-block}<\/style>\t\t\t\t<p><strong>ACERCA DEL CETRAT<\/strong><\/p><p><strong>\u00bfQUI\u00c9NES SOMOS?<\/strong><\/p><p>El Centro de Trasplantes de Tlaxcala, es un organismo desconcentrado de la Secretar\u00eda de Salud, creado en Agosto del 2022, en el Decreto publicado en el Diario Oficial del Gobierno del Estado denominado Acuerdo de Creaci\u00f3n del Centro de Trasplantes de Tlaxcala, con autonom\u00eda t\u00e9cnica, de gesti\u00f3n, de operaci\u00f3n y de ejecuci\u00f3n para el adecuado desarrollo de sus atribuciones. Tiene el objetivo de establecer una cultura de donaci\u00f3n de \u00f3rganos tejidos y c\u00e9lulas para fines de trasplante por medio de la ense\u00f1anza y difusi\u00f3n; as\u00ed como de apoyar y coordinar las acciones que realizan los establecimientos de salud en materia de donaci\u00f3n y trasplante en el Estado de Tlaxcala.<\/p>\t\t\t\t\t\t<\/div>\n\t\t\t\t<\/div>\n\t\t\t\t\t<\/div>\n\t\t\t\t<\/div>\n\t\t\t\t\t\t\t<\/div>\n\t\t","protected":false},"excerpt":{"rendered":"<p>ACERCA DEL CETRAT \u00bfQUI\u00c9NES SOMOS? El Centro de Trasplantes de Tlaxcala, es un organismo desconcentrado de la Secretar\u00eda de Salud, creado en Agosto del 2022, en el Decreto publicado en el Diario Oficial del Gobierno del Estado denominado Acuerdo de Creaci\u00f3n del Centro de Trasplantes de Tlaxcala, con autonom\u00eda t\u00e9cnica, de gesti\u00f3n, de operaci\u00f3n y [&hellip;]<\/p>\n","protected":false},"author":1,"featured_media":0,"parent":0,"menu_order":0,"comment_status":"closed","ping_status":"closed","template":"","meta":{"footnotes":""},"class_list":["post-513","page","type-page","status-publish","hentry"],"_links":{"self":[{"href":"https:\/\/cetrat.saludtlax.gob.mx\/index.php\/wp-json\/wp\/v2\/pages\/513","targetHints":{"allow":["GET"]}}],"collection":[{"href":"https:\/\/cetrat.saludtlax.gob.mx\/index.php\/wp-json\/wp\/v2\/pages"}],"about":[{"href":"https:\/\/cetrat.saludtlax.gob.mx\/index.php\/wp-json\/wp\/v2\/types\/page"}],"author":[{"embeddable":true,"href":"https:\/\/cetrat.saludtlax.gob.mx\/index.php\/wp-json\/wp\/v2\/users\/1"}],"replies":[{"embeddable":true,"href":"https:\/\/cetrat.saludtlax.gob.mx\/index.php\/wp-json\/wp\/v2\/comments?post=513"}],"version-history":[{"count":4,"href":"https:\/\/cetrat.saludtlax.gob.mx\/index.php\/wp-json\/wp\/v2\/pages\/513\/revisions"}],"predecessor-version":[{"id":531,"href":"https:\/\/cetrat.saludtlax.gob.mx\/index.php\/wp-json\/wp\/v2\/pages\/513\/revisions\/531"}],"wp:attachment":[{"href":"https:\/\/cetrat.saludtlax.gob.mx\/index.php\/wp-json\/wp\/v2\/media?parent=513"}],"curies":[{"name":"wp","href":"https:\/\/api.w.org\/{rel}","templated":true}]}}