{"id":519,"date":"2026-01-13T20:09:32","date_gmt":"2026-01-13T20:09:32","guid":{"rendered":"https:\/\/cetrat.saludtlax.gob.mx\/?page_id=519"},"modified":"2026-01-13T20:18:32","modified_gmt":"2026-01-13T20:18:32","slug":"funciones","status":"publish","type":"page","link":"https:\/\/cetrat.saludtlax.gob.mx\/index.php\/funciones\/","title":{"rendered":"Funciones"},"content":{"rendered":"\t\t<div data-elementor-type=\"wp-page\" data-elementor-id=\"519\" class=\"elementor elementor-519\" data-elementor-post-type=\"page\">\n\t\t\t\t\t\t\t<div class=\"elementor-element elementor-element-5a916c8 e-flex e-con-boxed e-con\" data-id=\"5a916c8\" data-element_type=\"container\" data-settings=\"{&quot;content_width&quot;:&quot;boxed&quot;}\">\n\t\t\t\t\t<div class=\"e-con-inner\">\n\t\t\t\t<div class=\"elementor-element elementor-element-54303de elementor-widget elementor-widget-text-editor\" data-id=\"54303de\" data-element_type=\"widget\" data-widget_type=\"text-editor.default\">\n\t\t\t\t<div class=\"elementor-widget-container\">\n\t\t\t<style>\/*! elementor - v3.15.0 - 20-08-2023 *\/\n.elementor-widget-text-editor.elementor-drop-cap-view-stacked .elementor-drop-cap{background-color:#69727d;color:#fff}.elementor-widget-text-editor.elementor-drop-cap-view-framed .elementor-drop-cap{color:#69727d;border:3px solid;background-color:transparent}.elementor-widget-text-editor:not(.elementor-drop-cap-view-default) .elementor-drop-cap{margin-top:8px}.elementor-widget-text-editor:not(.elementor-drop-cap-view-default) .elementor-drop-cap-letter{width:1em;height:1em}.elementor-widget-text-editor .elementor-drop-cap{float:left;text-align:center;line-height:1;font-size:50px}.elementor-widget-text-editor .elementor-drop-cap-letter{display:inline-block}<\/style>\t\t\t\t<p><strong>FUNCIONES DEL CETRAT <\/strong><\/p><p>El CETRAT tiene por objeto coordinar, organizar, supervisar y en coadyuvancia con la COEPRIST la vigilancia en todo lo relacionado con las donaciones y trasplantes de \u00f3rganos, tejidos y c\u00e9lulas humanas dentro de su \u00e1mbito de competencia, as\u00ed como, del fomento y promoci\u00f3n de la cultura de la donaci\u00f3n en esta materia; y la operaci\u00f3n del Registro Nacional de Trasplantes en su \u00e1mbito estatal.<\/p><p>\u00a0<\/p><p><strong>RELACI\u00d3N DE SERVICIOS QUE PRESTA EL CENTRO DE TRASPLANTES DE TLAXCALA. \u00a0<\/strong><\/p><p><strong>\u00a0<\/strong><\/p><p><strong>COORDINACI\u00d3N DE LOS PROCESOS DE DONACI\u00d3N Y TRASPLANTE<\/strong><\/p><ul><li>Supervisi\u00f3n de la aplicaci\u00f3n de criterios de asignaci\u00f3n y distribuci\u00f3n por parte de los Comit\u00e9s Hospitalarios.<\/li><li>Mantenimiento de bases de datos de pacientes en protocolo<\/li><li>Enlace con las coordinaciones hospitalarias en Donaci\u00f3n y Trasplante de \u00f3rganos.<\/li><li>Enlace con las coordinaciones hospitalarias en trasplante de \u00f3rganos, tejidos y c\u00e9lulas.<\/li><li>Log\u00edstica del transporte a\u00e9reo\/terrestre de equipos de trasplante y \u00f3rganos para trasplante.<\/li><li>Canalizaci\u00f3n de informes y solicitudes de donantes y trasplantes a los disntintos establecimientos con programas activos de Donaci\u00f3n y Trasplante de \u00d3rganos y Tejidos.<\/li><li>Canalizaci\u00f3n de informes de pacientes para evaluaci\u00f3n pretrasplante.<\/li><\/ul><p><strong>REGISTRO:<\/strong><\/p><ul><li>Registro Estatal de donantes, receptores, lista de espera y trasplante de \u00f3rganos, tejidos y c\u00e9lulas por hospital.<\/li><li>Registro de pacientes potenciales donantes de \u00f3rganos y tejidos as\u00ed como negativas familiares.<\/li><li>Registro de los profesionales autorizados en los distintos programas de Donaci\u00f3n y Trasplante de \u00d3rganos y Tejidos.<\/li><li>Registro, mantenimiento y actualizaci\u00f3n de listas de espera.<\/li><li>Registro de entrada y salida de tejidos.<\/li><li>Registro de centros autorizados para las actividades de obtenci\u00f3n e implante de \u00f3rganos\/tejidos y banco de tejidos.<\/li><\/ul><p><strong>NORMATIVIDAD Y REGULACIONES:<\/strong><\/p><ul><li>Implementar y vigilar el cumplimiento del marco legal y normativo en materia.<\/li><li>Colaboraci\u00f3n, como asesor t\u00e9cnico, en la elaboraci\u00f3n de la normatividad estatal.<\/li><li>Participaci\u00f3n, como consultor t\u00e9cnico, en las distintas unidades administrativas sanitarias y en \u00e1reas de planeaci\u00f3n sanitaria relacionadas con los trasplantes.<\/li><li>Promoci\u00f3n de acuerdos y consensos entre las diferentes \u00e1reas que se implican en los procedimientos de donaci\u00f3n, trasplante de \u00f3rganos, tejidos y c\u00e9lulas.<\/li><li>Estandarizaci\u00f3n del proceso de donaci\u00f3n de \u00f3rganos en todos los hospitales autorizados para ello.<\/li><\/ul><p><strong>ESTUDIOS, PUBLICACIONES, INFORMACI\u00d3N Y DIFUSI\u00d3N:<\/strong><\/p><ul><li>Control de calidad y evaluaci\u00f3n de los procedimientos de donaci\u00f3n y extracci\u00f3n de \u00f3rganos y tejidos.<\/li><li>Promoci\u00f3n y coordinaci\u00f3n de estudios multic\u00e9ntricos y proyectos de investigaci\u00f3n en materia de donaci\u00f3n y trasplantes.<\/li><li>Seguimiento de los pacientes post trasplante; sobrevida y supervivencia de los injertos y receptores.<\/li><li>Publicaciones sobre el proceso de donaci\u00f3n y trasplante; actividad trasplantadora y temas de inter\u00e9s sanitario, dirigidos a:<\/li><\/ul><ul><li style=\"list-style-type: none;\"><ul><li style=\"list-style-type: none;\"><ul><li>Administraciones sanitarias (Estatal y Hospitalarias).<\/li><li>Coordinadores de donaci\u00f3n.<\/li><li>Profesionales del trasplante.<\/li><li>Organizaciones estatales de donaci\u00f3n y trasplante.<\/li><\/ul><\/li><\/ul><\/li><\/ul><ul><li>Informaci\u00f3n a la Sociedad en general (P\u00fablico y agentes sociales) mediante:<\/li><\/ul><ul><li style=\"list-style-type: none;\"><ul><li style=\"list-style-type: none;\"><ul><li>Campa\u00f1as de sensibilizaci\u00f3n social.<\/li><li>Participaci\u00f3n en los distintos medios de comunicaci\u00f3n.<\/li><li>Emisi\u00f3n de tarjetas de donantes voluntarios e informaci\u00f3n de donaci\u00f3n de \u00f3rganos y tejidos.<\/li><li>Informaci\u00f3n telef\u00f3nica sobre cualquier duda o consulta acerca de la donaci\u00f3n y trasplante<\/li><li>Difusi\u00f3n de material informativo, did\u00e1ctico, de trabajo, etc., entre los profesionales de la coordinaci\u00f3n y el trasplante.<\/li><\/ul><\/li><\/ul><\/li><\/ul><ul><li>Desarrollo y difusi\u00f3n de documentos de consenso referentes a los procedimientos de donaci\u00f3n y trasplante en M\u00e9xico y Tlaxcala.<\/li><li>Realizaci\u00f3n y difusi\u00f3n de memoria de la actividad de donaci\u00f3n y trasplante de \u00f3rganos y tejidos a nivel estatal.<\/li><li>Mantenimiento y actualizaci\u00f3n de la p\u00e1gina web y redes sociales; CETRAT Tlaxcala.<\/li><li>Organizaci\u00f3n de seminarios divulgativos en universidades y foros educativos. Propuesta y desarrollo del programa estatal de capacitaci\u00f3n. \u00a0<\/li><li>Dise\u00f1o del calendario y del contenido de cursos y reuniones cient\u00edficas.<\/li><li>Cursos de formaci\u00f3n continua y de postgrado.<\/li><li>Capacitaci\u00f3n a agentes ministeriales, peritos, y personal involucrado en los casos m\u00e9dicos legales de donaci\u00f3n de \u00f3rganos.<\/li><\/ul><p><strong>COLABORACI\u00d3N CON OTRAS ENTIDADES:<\/strong><\/p><ul><li>Instituciones sanitarias.<\/li><li>Dependencias gubernamentales.\u00a0\u00a0<\/li><li>Asociaciones de pacientes.<\/li><li>Diversas fundaciones.<\/li><li>Diversas universidades.<\/li><li>Diversas sociedades cient\u00edficas<\/li><\/ul>\t\t\t\t\t\t<\/div>\n\t\t\t\t<\/div>\n\t\t\t\t\t<\/div>\n\t\t\t\t<\/div>\n\t\t\t\t\t\t\t<\/div>\n\t\t","protected":false},"excerpt":{"rendered":"<p>FUNCIONES DEL CETRAT El CETRAT tiene por objeto coordinar, organizar, supervisar y en coadyuvancia con la COEPRIST la vigilancia en todo lo relacionado con las donaciones y trasplantes de \u00f3rganos, tejidos y c\u00e9lulas humanas dentro de su \u00e1mbito de competencia, as\u00ed como, del fomento y promoci\u00f3n de la cultura de la donaci\u00f3n en esta materia; [&hellip;]<\/p>\n","protected":false},"author":1,"featured_media":0,"parent":0,"menu_order":0,"comment_status":"closed","ping_status":"closed","template":"","meta":{"footnotes":""},"class_list":["post-519","page","type-page","status-publish","hentry"],"_links":{"self":[{"href":"https:\/\/cetrat.saludtlax.gob.mx\/index.php\/wp-json\/wp\/v2\/pages\/519","targetHints":{"allow":["GET"]}}],"collection":[{"href":"https:\/\/cetrat.saludtlax.gob.mx\/index.php\/wp-json\/wp\/v2\/pages"}],"about":[{"href":"https:\/\/cetrat.saludtlax.gob.mx\/index.php\/wp-json\/wp\/v2\/types\/page"}],"author":[{"embeddable":true,"href":"https:\/\/cetrat.saludtlax.gob.mx\/index.php\/wp-json\/wp\/v2\/users\/1"}],"replies":[{"embeddable":true,"href":"https:\/\/cetrat.saludtlax.gob.mx\/index.php\/wp-json\/wp\/v2\/comments?post=519"}],"version-history":[{"count":4,"href":"https:\/\/cetrat.saludtlax.gob.mx\/index.php\/wp-json\/wp\/v2\/pages\/519\/revisions"}],"predecessor-version":[{"id":543,"href":"https:\/\/cetrat.saludtlax.gob.mx\/index.php\/wp-json\/wp\/v2\/pages\/519\/revisions\/543"}],"wp:attachment":[{"href":"https:\/\/cetrat.saludtlax.gob.mx\/index.php\/wp-json\/wp\/v2\/media?parent=519"}],"curies":[{"name":"wp","href":"https:\/\/api.w.org\/{rel}","templated":true}]}}