{"id":521,"date":"2026-01-13T20:09:53","date_gmt":"2026-01-13T20:09:53","guid":{"rendered":"https:\/\/cetrat.saludtlax.gob.mx\/?page_id=521"},"modified":"2026-01-13T20:19:11","modified_gmt":"2026-01-13T20:19:11","slug":"unidades-medicas-con-licencia","status":"publish","type":"page","link":"https:\/\/cetrat.saludtlax.gob.mx\/index.php\/unidades-medicas-con-licencia\/","title":{"rendered":"Unidades Medicas con Licencia"},"content":{"rendered":"\t\t<div data-elementor-type=\"wp-page\" data-elementor-id=\"521\" class=\"elementor elementor-521\" data-elementor-post-type=\"page\">\n\t\t\t\t\t\t\t<div class=\"elementor-element elementor-element-b17b94b e-flex e-con-boxed e-con\" data-id=\"b17b94b\" data-element_type=\"container\" data-settings=\"{&quot;content_width&quot;:&quot;boxed&quot;}\">\n\t\t\t\t\t<div class=\"e-con-inner\">\n\t\t\t\t<div class=\"elementor-element elementor-element-813ffb6 elementor-widget elementor-widget-text-editor\" data-id=\"813ffb6\" data-element_type=\"widget\" data-widget_type=\"text-editor.default\">\n\t\t\t\t<div class=\"elementor-widget-container\">\n\t\t\t<style>\/*! elementor - v3.15.0 - 20-08-2023 *\/\n.elementor-widget-text-editor.elementor-drop-cap-view-stacked .elementor-drop-cap{background-color:#69727d;color:#fff}.elementor-widget-text-editor.elementor-drop-cap-view-framed .elementor-drop-cap{color:#69727d;border:3px solid;background-color:transparent}.elementor-widget-text-editor:not(.elementor-drop-cap-view-default) .elementor-drop-cap{margin-top:8px}.elementor-widget-text-editor:not(.elementor-drop-cap-view-default) .elementor-drop-cap-letter{width:1em;height:1em}.elementor-widget-text-editor .elementor-drop-cap{float:left;text-align:center;line-height:1;font-size:50px}.elementor-widget-text-editor .elementor-drop-cap-letter{display:inline-block}<\/style>\t\t\t\t<p><strong>Hospital General de Tlaxcala Lic. Anselmo Hernandez (IMSS BIENESTAR)<\/strong><\/p><p>Direcci\u00f3n: Calle Doctores No. 1, 90606 San Mat\u00edas Tepetomatitl\u00e1n, Tlax.<\/p><p>Programa activo: Procuraci\u00f3n<\/p><p>\u00a0<\/p><p><strong>Hospital General Regional \u201cLic. Emilio Sa\u0301nchez Piedras\u201d (IMSS BIENESTAR)<\/strong><\/p><p>Direcci\u00f3n:\u00a0Carr. San Andres\u00a0 Ahuajuastepec S\/N. Tzompantepec\u00a0Tlaxcala, Tlax. CP.<\/p><p>Programa activo: Procuraci\u00f3n y Trasplante<\/p><p><strong>\u00a0<\/strong><\/p><p><strong>Hospital General de Calpulalpan (IMSS BIENESTAR)<\/strong><\/p><p>Direcci\u00f3n:Carretera M\u00e9xico &#8211; Veracruz, kil\u00f3metro 62, sin n\u00famero, Colonia Centro, Calpulalpan, Tlaxcala, C\u00f3digo Postal 02000,<\/p><p>Programa activo: Procuraci\u00f3n<\/p><p>\u00a0<\/p><p><strong>Hospital Infantil de Tlaxcala (IMSS BIENESTAR)<\/strong><\/p><p>Direcci\u00f3n:\u00a0Calle 20 de Noviembre S\/N, San Damian Tlacocalpan,San Mat\u00edas Tepetomatitl\u00e1n Km 2.5. San Pablo Apetatitl\u00e1n. Tlaxcala, Tlax<\/p><p>Programa activo: Procuraci\u00f3n y Trasplante<\/p><p>\u00a0<\/p><p><strong>Hospital General de San Pablo del Monte (IMSS BIENESTAR)<\/strong><\/p><p>Direcci\u00f3n:Boulevard Bicentenario, s\/n, Barrio de San Sebasti\u00e1n Villa Vicente Guerrero, San Pablo del Monte, Tlaxcala, CP 90970.<\/p><p>Programa activo: Procuraci\u00f3n<\/p><p>\u00a0<\/p><p><strong>Hospital General de Huamantla (IMSS BIENESTAR)<\/strong><\/p><p>Direcci\u00f3n:Prolongaci\u00f3n Hidalgo, sin n\u00famero Pueblo de la Cruz Huamantla,Tlaxcala, C\u00f3digo Postal 90500<\/p><p>Programa activo: Procuraci\u00f3n<\/p><p>\u00a0<\/p><p><strong>Hospital General de Subzona No. 8 y Medicina Familiar (IMSS)<\/strong><\/p><p>Domicilio: Boulevard Guillermo Valle #115 CP. 90000 Colonia Centro Tlaxcala.<\/p><p>Programa activo: Procuraci\u00f3n<\/p><p>\u00a0<\/p><p><strong>Hospital General de Zona No. 1 (IMSS)<\/strong><\/p><p>Domicilio: Carretera Texoloc-Tlaxcala km 1.5, Colonia La Loma Tlaxcala CP 9000<\/p><p>Programa activo: Procuraci\u00f3n<\/p><p>\u00a0<\/p><p><strong>Hospital General de Tlaxcala (ISSSTE)<\/strong><\/p><p>Domicilio: Carretera Ocotl\u00e1n Chiautempan #120, San Gabriel Cuautla, CP 90117 San Gabriel Cuautla.<\/p><p>Programa activo: Procuraci\u00f3n <\/p>\t\t\t\t\t\t<\/div>\n\t\t\t\t<\/div>\n\t\t\t\t\t<\/div>\n\t\t\t\t<\/div>\n\t\t\t\t\t\t\t<\/div>\n\t\t","protected":false},"excerpt":{"rendered":"<p>Hospital General de Tlaxcala Lic. Anselmo Hernandez (IMSS BIENESTAR) Direcci\u00f3n: Calle Doctores No. 1, 90606 San Mat\u00edas Tepetomatitl\u00e1n, Tlax. Programa activo: Procuraci\u00f3n \u00a0 Hospital General Regional \u201cLic. Emilio Sa\u0301nchez Piedras\u201d (IMSS BIENESTAR) Direcci\u00f3n:\u00a0Carr. San Andres\u00a0 Ahuajuastepec S\/N. Tzompantepec\u00a0Tlaxcala, Tlax. CP. Programa activo: Procuraci\u00f3n y Trasplante \u00a0 Hospital General de Calpulalpan (IMSS BIENESTAR) Direcci\u00f3n:Carretera M\u00e9xico &#8211; [&hellip;]<\/p>\n","protected":false},"author":1,"featured_media":0,"parent":0,"menu_order":0,"comment_status":"closed","ping_status":"closed","template":"","meta":{"footnotes":""},"class_list":["post-521","page","type-page","status-publish","hentry"],"_links":{"self":[{"href":"https:\/\/cetrat.saludtlax.gob.mx\/index.php\/wp-json\/wp\/v2\/pages\/521","targetHints":{"allow":["GET"]}}],"collection":[{"href":"https:\/\/cetrat.saludtlax.gob.mx\/index.php\/wp-json\/wp\/v2\/pages"}],"about":[{"href":"https:\/\/cetrat.saludtlax.gob.mx\/index.php\/wp-json\/wp\/v2\/types\/page"}],"author":[{"embeddable":true,"href":"https:\/\/cetrat.saludtlax.gob.mx\/index.php\/wp-json\/wp\/v2\/users\/1"}],"replies":[{"embeddable":true,"href":"https:\/\/cetrat.saludtlax.gob.mx\/index.php\/wp-json\/wp\/v2\/comments?post=521"}],"version-history":[{"count":4,"href":"https:\/\/cetrat.saludtlax.gob.mx\/index.php\/wp-json\/wp\/v2\/pages\/521\/revisions"}],"predecessor-version":[{"id":546,"href":"https:\/\/cetrat.saludtlax.gob.mx\/index.php\/wp-json\/wp\/v2\/pages\/521\/revisions\/546"}],"wp:attachment":[{"href":"https:\/\/cetrat.saludtlax.gob.mx\/index.php\/wp-json\/wp\/v2\/media?parent=521"}],"curies":[{"name":"wp","href":"https:\/\/api.w.org\/{rel}","templated":true}]}}